{"id":181,"date":"2023-11-20T19:43:15","date_gmt":"2023-11-21T01:43:15","guid":{"rendered":"https:\/\/salsaparaalitas.com.mx\/?page_id=181"},"modified":"2023-11-20T20:04:53","modified_gmt":"2023-11-21T02:04:53","slug":"buffalos","status":"publish","type":"page","link":"https:\/\/salsaparaalitas.com.mx\/index.php\/buffalos\/","title":{"rendered":"Buffalos"},"content":{"rendered":"<p>[et_pb_section fb_built=\u00bb1&#8243; _builder_version=\u00bb4.23.1&#8243; _module_preset=\u00bbdefault\u00bb background_image=\u00bbhttps:\/\/salsaparaalitas.com.mx\/wp-content\/uploads\/2023\/11\/madera_fondo.jpg\u00bb bottom_divider_style=\u00bbarrow3&#8243; bottom_divider_color=\u00bb#DD0C0C\u00bb bottom_divider_height=\u00bb29px\u00bb global_colors_info=\u00bb{}\u00bb][et_pb_row use_custom_gutter=\u00bbon\u00bb _builder_version=\u00bb4.23.1&#8243; _module_preset=\u00bbdefault\u00bb width=\u00bb100%\u00bb max_width=\u00bb2560px\u00bb module_alignment=\u00bbcenter\u00bb global_colors_info=\u00bb{}\u00bb][et_pb_column type=\u00bb4_4&#8243; _builder_version=\u00bb4.23.1&#8243; _module_preset=\u00bbdefault\u00bb global_colors_info=\u00bb{}\u00bb][et_pb_image src=\u00bbhttps:\/\/salsaparaalitas.com.mx\/wp-content\/uploads\/2023\/11\/salsas-alitas-buffalo-m-2.webp\u00bb _builder_version=\u00bb4.23.1&#8243; _module_preset=\u00bbdefault\u00bb title_text=\u00bbsalsas-alitas-buffalo-m-2&#8243; hover_enabled=\u00bb0&#8243; sticky_enabled=\u00bb0&#8243;][\/et_pb_image][\/et_pb_column][\/et_pb_row][\/et_pb_section][et_pb_section fb_built=\u00bb1&#8243; _builder_version=\u00bb4.23.1&#8243; _module_preset=\u00bbdefault\u00bb background_image=\u00bbhttps:\/\/salsaparaalitas.com.mx\/wp-content\/uploads\/2023\/11\/madera_fondo.jpg\u00bb bottom_divider_style=\u00bbramp\u00bb bottom_divider_color=\u00bb#DD0C0C\u00bb bottom_divider_height=\u00bb16px\u00bb global_colors_info=\u00bb{}\u00bb][et_pb_row _builder_version=\u00bb4.23.1&#8243; _module_preset=\u00bbdefault\u00bb global_colors_info=\u00bb{}\u00bb][et_pb_column type=\u00bb4_4&#8243; _builder_version=\u00bb4.23.1&#8243; _module_preset=\u00bbdefault\u00bb global_colors_info=\u00bb{}\u00bb][et_pb_image src=\u00bbhttps:\/\/salsaparaalitas.com.mx\/wp-content\/uploads\/2023\/11\/alitas-buffalo.webp\u00bb title_text=\u00bbalitas-buffalo\u00bb align=\u00bbcenter\u00bb force_fullwidth=\u00bbon\u00bb _builder_version=\u00bb4.23.1&#8243; _module_preset=\u00bbdefault\u00bb background_image=\u00bbhttps:\/\/salsaparaalitas.com.mx\/wp-content\/uploads\/2023\/11\/madera_fondo.jpg\u00bb max_width_tablet=\u00bb\u00bb max_width_phone=\u00bb\u00bb max_width_last_edited=\u00bbon|phone\u00bb min_height_tablet=\u00bb\u00bb min_height_phone=\u00bb\u00bb min_height_last_edited=\u00bbon|desktop\u00bb global_colors_info=\u00bb{}\u00bb][\/et_pb_image][et_pb_text _builder_version=\u00bb4.23.1&#8243; _module_preset=\u00bbdefault\u00bb header_text_align=\u00bbcenter\u00bb header_2_font=\u00bbAcme||||||||\u00bb header_2_text_align=\u00bbcenter\u00bb header_2_text_color=\u00bb#FFFFFF\u00bb header_2_font_size=\u00bb40px\u00bb global_colors_info=\u00bb{}\u00bb]<\/p>\n<h2>El estupendo sabor de las BUFFALO WINGS, con un toque de mantequilla y consistencia cremosa.<\/h2>\n<p>[\/et_pb_text][et_pb_image src=\u00bbhttps:\/\/salsaparaalitas.com.mx\/wp-content\/uploads\/2023\/11\/Picor-2m.png\u00bb title_text=\u00bbPicor 2m\u00bb align=\u00bbcenter\u00bb _builder_version=\u00bb4.23.1&#8243; _module_preset=\u00bbdefault\u00bb hover_enabled=\u00bb0&#8243; global_colors_info=\u00bb{}\u00bb sticky_enabled=\u00bb0&#8243;][\/et_pb_image][\/et_pb_column][\/et_pb_row][\/et_pb_section][et_pb_section fb_built=\u00bb1&#8243; _builder_version=\u00bb4.23.1&#8243; _module_preset=\u00bbdefault\u00bb background_image=\u00bbhttps:\/\/salsaparaalitas.com.mx\/wp-content\/uploads\/2023\/11\/madera_fondo.jpg\u00bb bottom_divider_style=\u00bbcurve\u00bb bottom_divider_color=\u00bb#DD0C0C\u00bb bottom_divider_height=\u00bb47px\u00bb global_colors_info=\u00bb{}\u00bb][et_pb_row _builder_version=\u00bb4.23.1&#8243; _module_preset=\u00bbdefault\u00bb global_colors_info=\u00bb{}\u00bb][et_pb_column type=\u00bb4_4&#8243; _builder_version=\u00bb4.23.1&#8243; _module_preset=\u00bbdefault\u00bb global_colors_info=\u00bb{}\u00bb][et_pb_image src=\u00bbhttps:\/\/salsaparaalitas.com.mx\/wp-content\/uploads\/2023\/11\/alitas-buffalo-hot.webp\u00bb title_text=\u00bbalitas-buffalo-hot\u00bb align=\u00bbcenter\u00bb force_fullwidth=\u00bbon\u00bb _builder_version=\u00bb4.23.1&#8243; _module_preset=\u00bbdefault\u00bb background_image=\u00bbhttps:\/\/salsaparaalitas.com.mx\/wp-content\/uploads\/2023\/11\/madera_fondo.jpg\u00bb max_width_tablet=\u00bb\u00bb max_width_phone=\u00bb\u00bb max_width_last_edited=\u00bbon|phone\u00bb min_height_tablet=\u00bb\u00bb min_height_phone=\u00bb\u00bb min_height_last_edited=\u00bbon|desktop\u00bb hover_enabled=\u00bb0&#8243; global_colors_info=\u00bb{}\u00bb sticky_enabled=\u00bb0&#8243;][\/et_pb_image][et_pb_text _builder_version=\u00bb4.23.1&#8243; _module_preset=\u00bbdefault\u00bb header_text_align=\u00bbcenter\u00bb header_2_font=\u00bbAcme||||||||\u00bb header_2_text_align=\u00bbcenter\u00bb header_2_text_color=\u00bb#FFFFFF\u00bb header_2_font_size=\u00bb40px\u00bb global_colors_info=\u00bb{}\u00bb]<\/p>\n<h2>No puede faltar la versi\u00f3n HOT para los amantes del picor, con su toque de chile habanero<\/h2>\n<p>[\/et_pb_text][et_pb_image src=\u00bbhttps:\/\/salsaparaalitas.com.mx\/wp-content\/uploads\/2023\/11\/Picor-4m.png\u00bb title_text=\u00bbPicor 4m\u00bb align=\u00bbcenter\u00bb _builder_version=\u00bb4.23.1&#8243; _module_preset=\u00bbdefault\u00bb hover_enabled=\u00bb0&#8243; global_colors_info=\u00bb{}\u00bb sticky_enabled=\u00bb0&#8243;][\/et_pb_image][\/et_pb_column][\/et_pb_row][\/et_pb_section][et_pb_section fb_built=\u00bb1&#8243; _builder_version=\u00bb4.23.1&#8243; _module_preset=\u00bbdefault\u00bb background_image=\u00bbhttps:\/\/salsaparaalitas.com.mx\/wp-content\/uploads\/2023\/11\/madera_fondo.jpg\u00bb bottom_divider_style=\u00bbcurve\u00bb bottom_divider_color=\u00bb#DD0C0C\u00bb bottom_divider_height=\u00bb47px\u00bb global_colors_info=\u00bb{}\u00bb][et_pb_row _builder_version=\u00bb4.23.1&#8243; _module_preset=\u00bbdefault\u00bb global_colors_info=\u00bb{}\u00bb][et_pb_column type=\u00bb4_4&#8243; _builder_version=\u00bb4.23.1&#8243; _module_preset=\u00bbdefault\u00bb global_colors_info=\u00bb{}\u00bb][et_pb_image src=\u00bbhttps:\/\/salsaparaalitas.com.mx\/wp-content\/uploads\/2023\/11\/alitas-buffalo-garlic.webp\u00bb title_text=\u00bbalitas-buffalo-garlic\u00bb align=\u00bbcenter\u00bb force_fullwidth=\u00bbon\u00bb _builder_version=\u00bb4.23.1&#8243; _module_preset=\u00bbdefault\u00bb background_image=\u00bbhttps:\/\/salsaparaalitas.com.mx\/wp-content\/uploads\/2023\/11\/madera_fondo.jpg\u00bb max_width_tablet=\u00bb\u00bb max_width_phone=\u00bb\u00bb max_width_last_edited=\u00bbon|phone\u00bb min_height_tablet=\u00bb\u00bb min_height_phone=\u00bb\u00bb min_height_last_edited=\u00bbon|desktop\u00bb hover_enabled=\u00bb0&#8243; global_colors_info=\u00bb{}\u00bb sticky_enabled=\u00bb0&#8243;][\/et_pb_image][et_pb_text _builder_version=\u00bb4.23.1&#8243; _module_preset=\u00bbdefault\u00bb header_text_align=\u00bbcenter\u00bb header_2_font=\u00bbAcme||||||||\u00bb header_2_text_align=\u00bbcenter\u00bb header_2_text_color=\u00bb#FFFFFF\u00bb header_2_font_size=\u00bb40px\u00bb global_colors_info=\u00bb{}\u00bb]<\/p>\n<h2>Esta versi\u00f3n te fascinar\u00e1 el BUFFALO con un toque extra de AJO, no se puede resistir.<\/h2>\n<p>[\/et_pb_text][et_pb_image src=\u00bbhttps:\/\/salsaparaalitas.com.mx\/wp-content\/uploads\/2023\/11\/Picor-2m.png\u00bb title_text=\u00bbPicor 2m\u00bb align=\u00bbcenter\u00bb _builder_version=\u00bb4.23.1&#8243; _module_preset=\u00bbdefault\u00bb hover_enabled=\u00bb0&#8243; global_colors_info=\u00bb{}\u00bb sticky_enabled=\u00bb0&#8243;][\/et_pb_image][\/et_pb_column][\/et_pb_row][\/et_pb_section][et_pb_section fb_built=\u00bb1&#8243; _builder_version=\u00bb4.23.1&#8243; _module_preset=\u00bbdefault\u00bb background_image=\u00bbhttps:\/\/salsaparaalitas.com.mx\/wp-content\/uploads\/2023\/11\/madera_fondo.jpg\u00bb bottom_divider_style=\u00bbcurve\u00bb bottom_divider_color=\u00bb#DD0C0C\u00bb bottom_divider_height=\u00bb47px\u00bb global_colors_info=\u00bb{}\u00bb][et_pb_row _builder_version=\u00bb4.23.1&#8243; _module_preset=\u00bbdefault\u00bb global_colors_info=\u00bb{}\u00bb][et_pb_column type=\u00bb4_4&#8243; _builder_version=\u00bb4.23.1&#8243; _module_preset=\u00bbdefault\u00bb global_colors_info=\u00bb{}\u00bb][et_pb_image src=\u00bbhttps:\/\/salsaparaalitas.com.mx\/wp-content\/uploads\/2023\/11\/BUFFALO-TASTY.webp\u00bb title_text=\u00bbBUFFALO TASTY\u00bb align=\u00bbcenter\u00bb force_fullwidth=\u00bbon\u00bb _builder_version=\u00bb4.23.1&#8243; _module_preset=\u00bbdefault\u00bb background_image=\u00bbhttps:\/\/salsaparaalitas.com.mx\/wp-content\/uploads\/2023\/11\/madera_fondo.jpg\u00bb max_width_tablet=\u00bb\u00bb max_width_phone=\u00bb\u00bb max_width_last_edited=\u00bbon|phone\u00bb min_height_tablet=\u00bb\u00bb min_height_phone=\u00bb\u00bb min_height_last_edited=\u00bbon|desktop\u00bb hover_enabled=\u00bb0&#8243; global_colors_info=\u00bb{}\u00bb sticky_enabled=\u00bb0&#8243;][\/et_pb_image][et_pb_text _builder_version=\u00bb4.23.1&#8243; _module_preset=\u00bbdefault\u00bb header_text_align=\u00bbcenter\u00bb header_2_font=\u00bbAcme||||||||\u00bb header_2_text_align=\u00bbcenter\u00bb header_2_text_color=\u00bb#FFFFFF\u00bb header_2_font_size=\u00bb40px\u00bb global_colors_info=\u00bb{}\u00bb]<\/p>\n<h2>Su consistencia cremosa le da un sabor fant\u00e1stico a las alitas, s\u00f3lo que con un toque de picor m\u00e1s alto, pero vale la pena en este delicioso sabor.<\/h2>\n<p>[\/et_pb_text][et_pb_image src=\u00bbhttps:\/\/salsaparaalitas.com.mx\/wp-content\/uploads\/2023\/11\/Picor-5m.png\u00bb title_text=\u00bbPicor 5m\u00bb align=\u00bbcenter\u00bb _builder_version=\u00bb4.23.1&#8243; _module_preset=\u00bbdefault\u00bb global_colors_info=\u00bb{}\u00bb][\/et_pb_image][\/et_pb_column][\/et_pb_row][\/et_pb_section]<\/p>\n","protected":false},"excerpt":{"rendered":"<p>El estupendo sabor de las BUFFALO WINGS, con un toque de mantequilla y consistencia cremosa.No puede faltar la versi\u00f3n HOT para los amantes del picor, con su toque de chile habaneroEsta versi\u00f3n te fascinar\u00e1 el BUFFALO con un toque extra de AJO, no se puede resistir.Su consistencia cremosa le da un sabor fant\u00e1stico a las [&hellip;]<\/p>\n","protected":false},"author":1,"featured_media":0,"parent":0,"menu_order":0,"comment_status":"closed","ping_status":"closed","template":"","meta":{"_et_pb_use_builder":"on","_et_pb_old_content":"","_et_gb_content_width":"","footnotes":""},"_links":{"self":[{"href":"https:\/\/salsaparaalitas.com.mx\/index.php\/wp-json\/wp\/v2\/pages\/181"}],"collection":[{"href":"https:\/\/salsaparaalitas.com.mx\/index.php\/wp-json\/wp\/v2\/pages"}],"about":[{"href":"https:\/\/salsaparaalitas.com.mx\/index.php\/wp-json\/wp\/v2\/types\/page"}],"author":[{"embeddable":true,"href":"https:\/\/salsaparaalitas.com.mx\/index.php\/wp-json\/wp\/v2\/users\/1"}],"replies":[{"embeddable":true,"href":"https:\/\/salsaparaalitas.com.mx\/index.php\/wp-json\/wp\/v2\/comments?post=181"}],"version-history":[{"count":4,"href":"https:\/\/salsaparaalitas.com.mx\/index.php\/wp-json\/wp\/v2\/pages\/181\/revisions"}],"predecessor-version":[{"id":192,"href":"https:\/\/salsaparaalitas.com.mx\/index.php\/wp-json\/wp\/v2\/pages\/181\/revisions\/192"}],"wp:attachment":[{"href":"https:\/\/salsaparaalitas.com.mx\/index.php\/wp-json\/wp\/v2\/media?parent=181"}],"curies":[{"name":"wp","href":"https:\/\/api.w.org\/{rel}","templated":true}]}}